{"id":19,"date":"2026-04-21T18:43:32","date_gmt":"2026-04-21T21:43:32","guid":{"rendered":"https:\/\/martecusinagem.com.br\/?page_id=19"},"modified":"2026-04-28T12:35:41","modified_gmt":"2026-04-28T15:35:41","slug":"seccionadoras","status":"publish","type":"page","link":"https:\/\/martecusinagem.com.br\/?page_id=19","title":{"rendered":"Seccionadoras"},"content":{"rendered":"\n<div class=\"wp-block-uagb-container uagb-block-5b19766f alignfull uagb-is-root-container\"><div class=\"uagb-container-inner-blocks-wrap\">\n<h2 class=\"wp-block-heading has-ast-global-color-5-color has-text-color has-link-color wp-elements-20902f011d5ae084bfc68358cf4c6bba\">Seccionadoras e componentes para aplica\u00e7\u00f5es industriais<\/h2>\n\n\n\n<p class=\"has-ast-global-color-5-color has-text-color has-link-color has-medium-font-size wp-elements-167447b2119fa1868ee6589dba2d7530\">A MARTEC atua com seccionadoras, componentes e adequa\u00e7\u00f5es para aplica\u00e7\u00f5es industriais, oferecendo solu\u00e7\u00f5es com foco em robustez, adapta\u00e7\u00e3o \u00e0 necessidade da instala\u00e7\u00e3o e fornecimento de pe\u00e7as e conjuntos t\u00e9cnicos.<\/p>\n<\/div><\/div>\n\n\n\n<h3 class=\"wp-block-heading\"><\/h3>\n\n\n\n<div class=\"wp-block-uagb-container uagb-block-fcb3be9f alignwide uagb-is-root-container\">\n<div class=\"wp-block-uagb-container uagb-block-96d6b644\">\n<figure class=\"wp-block-image size-large\"><img loading=\"lazy\" decoding=\"async\" width=\"1024\" height=\"1020\" src=\"https:\/\/martecusinagem.com.br\/wp-content\/uploads\/2026\/04\/chave_bip_12ka_00-1024x1020.png\" alt=\"\" class=\"wp-image-121\" srcset=\"https:\/\/martecusinagem.com.br\/wp-content\/uploads\/2026\/04\/chave_bip_12ka_00-1024x1020.png 1024w, https:\/\/martecusinagem.com.br\/wp-content\/uploads\/2026\/04\/chave_bip_12ka_00-300x300.png 300w, https:\/\/martecusinagem.com.br\/wp-content\/uploads\/2026\/04\/chave_bip_12ka_00-150x150.png 150w, https:\/\/martecusinagem.com.br\/wp-content\/uploads\/2026\/04\/chave_bip_12ka_00-768x765.png 768w, https:\/\/martecusinagem.com.br\/wp-content\/uploads\/2026\/04\/chave_bip_12ka_00.png 1257w\" sizes=\"auto, (max-width: 1024px) 100vw, 1024px\" \/><figcaption class=\"wp-element-caption\"><strong>MRT-B | 7,2kV | 12.000A<\/strong><\/figcaption><\/figure>\n<\/div>\n\n\n\n<div class=\"wp-block-uagb-container uagb-block-23163ee5\">\n<div class=\"wp-block-uagb-icon-list uagb-block-ad5fa7b0\"><div class=\"uagb-icon-list__wrap\">\n<div class=\"wp-block-uagb-icon-list-child uagb-block-62141820\"><span class=\"uagb-icon-list__source-wrap\"><svg xmlns=\"https:\/\/www.w3.org\/2000\/svg\" viewBox=\"0 0 448 512\"><path d=\"M182.6 246.6C170.1 259.1 149.9 259.1 137.4 246.6L57.37 166.6C44.88 154.1 44.88 133.9 57.37 121.4C69.87 108.9 90.13 108.9 102.6 121.4L159.1 178.7L297.4 41.37C309.9 28.88 330.1 28.88 342.6 41.37C355.1 53.87 355.1 74.13 342.6 86.63L182.6 246.6zM182.6 470.6C170.1 483.1 149.9 483.1 137.4 470.6L9.372 342.6C-3.124 330.1-3.124 309.9 9.372 297.4C21.87 284.9 42.13 284.9 54.63 297.4L159.1 402.7L393.4 169.4C405.9 156.9 426.1 156.9 438.6 169.4C451.1 181.9 451.1 202.1 438.6 214.6L182.6 470.6z\"><\/path><\/svg><\/span><span class=\"uagb-icon-list__label\">Solu\u00e7\u00f5es desenvolvidas conforme tens\u00e3o, corrente e condi\u00e7\u00e3o de instala\u00e7\u00e3o. <\/span><\/div>\n\n\n\n<div class=\"wp-block-uagb-icon-list-child uagb-block-6e31cb40\"><span class=\"uagb-icon-list__source-wrap\"><svg xmlns=\"https:\/\/www.w3.org\/2000\/svg\" viewBox=\"0 0 448 512\"><path d=\"M182.6 246.6C170.1 259.1 149.9 259.1 137.4 246.6L57.37 166.6C44.88 154.1 44.88 133.9 57.37 121.4C69.87 108.9 90.13 108.9 102.6 121.4L159.1 178.7L297.4 41.37C309.9 28.88 330.1 28.88 342.6 41.37C355.1 53.87 355.1 74.13 342.6 86.63L182.6 246.6zM182.6 470.6C170.1 483.1 149.9 483.1 137.4 470.6L9.372 342.6C-3.124 330.1-3.124 309.9 9.372 297.4C21.87 284.9 42.13 284.9 54.63 297.4L159.1 402.7L393.4 169.4C405.9 156.9 426.1 156.9 438.6 169.4C451.1 181.9 451.1 202.1 438.6 214.6L182.6 470.6z\"><\/path><\/svg><\/span><span class=\"uagb-icon-list__label\">Adequa\u00e7\u00e3o construtiva conforme espa\u00e7o dispon\u00edvel e necessidade do projeto.<\/span><\/div>\n\n\n\n<div class=\"wp-block-uagb-icon-list-child uagb-block-5f502ff4\"><span class=\"uagb-icon-list__source-wrap\"><svg xmlns=\"https:\/\/www.w3.org\/2000\/svg\" viewBox=\"0 0 448 512\"><path d=\"M182.6 246.6C170.1 259.1 149.9 259.1 137.4 246.6L57.37 166.6C44.88 154.1 44.88 133.9 57.37 121.4C69.87 108.9 90.13 108.9 102.6 121.4L159.1 178.7L297.4 41.37C309.9 28.88 330.1 28.88 342.6 41.37C355.1 53.87 355.1 74.13 342.6 86.63L182.6 246.6zM182.6 470.6C170.1 483.1 149.9 483.1 137.4 470.6L9.372 342.6C-3.124 330.1-3.124 309.9 9.372 297.4C21.87 284.9 42.13 284.9 54.63 297.4L159.1 402.7L393.4 169.4C405.9 156.9 426.1 156.9 438.6 169.4C451.1 181.9 451.1 202.1 438.6 214.6L182.6 470.6z\"><\/path><\/svg><\/span><span class=\"uagb-icon-list__label\">Fornecimento de conjuntos voltados a aplica\u00e7\u00f5es industriais espec\u00edficas.<\/span><\/div>\n<\/div><\/div>\n\n\n\n<h3 class=\"wp-block-heading has-text-align-center\">Configura\u00e7\u00e3o conforme a aplica\u00e7\u00e3o<\/h3>\n<\/div>\n\n\n\n<div class=\"wp-block-uagb-container uagb-block-0011ff0f\">\n<figure class=\"wp-block-image size-large\"><img loading=\"lazy\" decoding=\"async\" width=\"1024\" height=\"1020\" src=\"https:\/\/martecusinagem.com.br\/wp-content\/uploads\/2026\/04\/seccionadora_pbus_aberta_01-1-1024x1020.jpg\" alt=\"\" class=\"wp-image-120\" srcset=\"https:\/\/martecusinagem.com.br\/wp-content\/uploads\/2026\/04\/seccionadora_pbus_aberta_01-1-1024x1020.jpg 1024w, https:\/\/martecusinagem.com.br\/wp-content\/uploads\/2026\/04\/seccionadora_pbus_aberta_01-1-300x300.jpg 300w, https:\/\/martecusinagem.com.br\/wp-content\/uploads\/2026\/04\/seccionadora_pbus_aberta_01-1-150x150.jpg 150w, https:\/\/martecusinagem.com.br\/wp-content\/uploads\/2026\/04\/seccionadora_pbus_aberta_01-1-768x765.jpg 768w, https:\/\/martecusinagem.com.br\/wp-content\/uploads\/2026\/04\/seccionadora_pbus_aberta_01-1.jpg 1257w\" sizes=\"auto, (max-width: 1024px) 100vw, 1024px\" \/><figcaption class=\"wp-element-caption\"><strong>MRT-U | 15kV | 10.000A<\/strong><\/figcaption><\/figure>\n<\/div>\n<\/div>\n\n\n\n<div class=\"wp-block-uagb-container uagb-block-22497274 alignwide uagb-is-root-container\">\n<div class=\"wp-block-uagb-container uagb-block-116e52a6\">\n<figure class=\"wp-block-image size-large\"><img loading=\"lazy\" decoding=\"async\" width=\"1024\" height=\"888\" src=\"https:\/\/martecusinagem.com.br\/wp-content\/uploads\/2026\/04\/seccionadora_abbo_00_1-1024x888.jpg\" alt=\"\" class=\"wp-image-113\" srcset=\"https:\/\/martecusinagem.com.br\/wp-content\/uploads\/2026\/04\/seccionadora_abbo_00_1-1024x888.jpg 1024w, https:\/\/martecusinagem.com.br\/wp-content\/uploads\/2026\/04\/seccionadora_abbo_00_1-300x260.jpg 300w, https:\/\/martecusinagem.com.br\/wp-content\/uploads\/2026\/04\/seccionadora_abbo_00_1-768x666.jpg 768w, https:\/\/martecusinagem.com.br\/wp-content\/uploads\/2026\/04\/seccionadora_abbo_00_1.jpg 1085w\" sizes=\"auto, (max-width: 1024px) 100vw, 1024px\" \/><figcaption class=\"wp-element-caption\"><strong>MRT-U | 7,2kV | 12.000A <\/strong><\/figcaption><\/figure>\n<\/div>\n\n\n\n<div class=\"wp-block-uagb-container uagb-block-0a286026\">\n<div class=\"wp-block-uagb-icon-list uagb-block-d16e1329\"><div class=\"uagb-icon-list__wrap\">\n<div class=\"wp-block-uagb-icon-list-child uagb-block-cf9531bc\"><span class=\"uagb-icon-list__source-wrap\"><svg xmlns=\"https:\/\/www.w3.org\/2000\/svg\" viewBox=\"0 0 448 512\"><path d=\"M182.6 246.6C170.1 259.1 149.9 259.1 137.4 246.6L57.37 166.6C44.88 154.1 44.88 133.9 57.37 121.4C69.87 108.9 90.13 108.9 102.6 121.4L159.1 178.7L297.4 41.37C309.9 28.88 330.1 28.88 342.6 41.37C355.1 53.87 355.1 74.13 342.6 86.63L182.6 246.6zM182.6 470.6C170.1 483.1 149.9 483.1 137.4 470.6L9.372 342.6C-3.124 330.1-3.124 309.9 9.372 297.4C21.87 284.9 42.13 284.9 54.63 297.4L159.1 402.7L393.4 169.4C405.9 156.9 426.1 156.9 438.6 169.4C451.1 181.9 451.1 202.1 438.6 214.6L182.6 470.6z\"><\/path><\/svg><\/span><span class=\"uagb-icon-list__label\">Possibilidade de diferentes arranjos construtivos e interfaces de conex\u00e3o.<\/span><\/div>\n\n\n\n<div class=\"wp-block-uagb-icon-list-child uagb-block-dd818666\"><span class=\"uagb-icon-list__source-wrap\"><svg xmlns=\"https:\/\/www.w3.org\/2000\/svg\" viewBox=\"0 0 448 512\"><path d=\"M182.6 246.6C170.1 259.1 149.9 259.1 137.4 246.6L57.37 166.6C44.88 154.1 44.88 133.9 57.37 121.4C69.87 108.9 90.13 108.9 102.6 121.4L159.1 178.7L297.4 41.37C309.9 28.88 330.1 28.88 342.6 41.37C355.1 53.87 355.1 74.13 342.6 86.63L182.6 246.6zM182.6 470.6C170.1 483.1 149.9 483.1 137.4 470.6L9.372 342.6C-3.124 330.1-3.124 309.9 9.372 297.4C21.87 284.9 42.13 284.9 54.63 297.4L159.1 402.7L393.4 169.4C405.9 156.9 426.1 156.9 438.6 169.4C451.1 181.9 451.1 202.1 438.6 214.6L182.6 470.6z\"><\/path><\/svg><\/span><span class=\"uagb-icon-list__label\">Integra\u00e7\u00e3o com barramentos, componentes e subconjuntos do projeto.<\/span><\/div>\n\n\n\n<div class=\"wp-block-uagb-icon-list-child uagb-block-524c37ac\"><span class=\"uagb-icon-list__source-wrap\"><svg xmlns=\"https:\/\/www.w3.org\/2000\/svg\" viewBox=\"0 0 448 512\"><path d=\"M182.6 246.6C170.1 259.1 149.9 259.1 137.4 246.6L57.37 166.6C44.88 154.1 44.88 133.9 57.37 121.4C69.87 108.9 90.13 108.9 102.6 121.4L159.1 178.7L297.4 41.37C309.9 28.88 330.1 28.88 342.6 41.37C355.1 53.87 355.1 74.13 342.6 86.63L182.6 246.6zM182.6 470.6C170.1 483.1 149.9 483.1 137.4 470.6L9.372 342.6C-3.124 330.1-3.124 309.9 9.372 297.4C21.87 284.9 42.13 284.9 54.63 297.4L159.1 402.7L393.4 169.4C405.9 156.9 426.1 156.9 438.6 169.4C451.1 181.9 451.1 202.1 438.6 214.6L182.6 470.6z\"><\/path><\/svg><\/span><span class=\"uagb-icon-list__label\">Solu\u00e7\u00f5es para aplica\u00e7\u00f5es novas, adequa\u00e7\u00f5es e reposi\u00e7\u00e3o industrial.<\/span><\/div>\n<\/div><\/div>\n\n\n\n<h3 class=\"wp-block-heading has-text-align-center\">Customiza\u00e7\u00e3o e integra\u00e7\u00e3o<\/h3>\n<\/div>\n\n\n\n<div class=\"wp-block-uagb-container uagb-block-c1c1462e\">\n<figure class=\"wp-block-image size-large\"><img loading=\"lazy\" decoding=\"async\" width=\"1024\" height=\"1020\" src=\"https:\/\/martecusinagem.com.br\/wp-content\/uploads\/2026\/04\/seccionadora_24ft_00_1-1024x1020.png\" alt=\"\" class=\"wp-image-125\" srcset=\"https:\/\/martecusinagem.com.br\/wp-content\/uploads\/2026\/04\/seccionadora_24ft_00_1-1024x1020.png 1024w, https:\/\/martecusinagem.com.br\/wp-content\/uploads\/2026\/04\/seccionadora_24ft_00_1-300x300.png 300w, https:\/\/martecusinagem.com.br\/wp-content\/uploads\/2026\/04\/seccionadora_24ft_00_1-150x150.png 150w, https:\/\/martecusinagem.com.br\/wp-content\/uploads\/2026\/04\/seccionadora_24ft_00_1-768x765.png 768w, https:\/\/martecusinagem.com.br\/wp-content\/uploads\/2026\/04\/seccionadora_24ft_00_1.png 1257w\" sizes=\"auto, (max-width: 1024px) 100vw, 1024px\" \/><figcaption class=\"wp-element-caption\"><strong>MRT-T | 24kV | 3.000A<\/strong> | Faca-terra<\/figcaption><\/figure>\n<\/div>\n<\/div>\n\n\n\n<div class=\"wp-block-uagb-container uagb-block-0ccb9c8c alignwide uagb-is-root-container\">\n<div class=\"wp-block-uagb-container uagb-block-ced3a323\">\n<figure class=\"wp-block-image size-large\"><img loading=\"lazy\" decoding=\"async\" width=\"1024\" height=\"1020\" src=\"https:\/\/martecusinagem.com.br\/wp-content\/uploads\/2026\/04\/chave_T_00-1024x1020.png\" alt=\"\" class=\"wp-image-122\" srcset=\"https:\/\/martecusinagem.com.br\/wp-content\/uploads\/2026\/04\/chave_T_00-1024x1020.png 1024w, https:\/\/martecusinagem.com.br\/wp-content\/uploads\/2026\/04\/chave_T_00-300x300.png 300w, https:\/\/martecusinagem.com.br\/wp-content\/uploads\/2026\/04\/chave_T_00-150x150.png 150w, https:\/\/martecusinagem.com.br\/wp-content\/uploads\/2026\/04\/chave_T_00-768x765.png 768w, https:\/\/martecusinagem.com.br\/wp-content\/uploads\/2026\/04\/chave_T_00.png 1257w\" sizes=\"auto, (max-width: 1024px) 100vw, 1024px\" \/><figcaption class=\"wp-element-caption\"><strong>MRT-B | 7,2kV | 12.000A <\/strong>| Com bucha de passagem no contato central<\/figcaption><\/figure>\n<\/div>\n\n\n\n<div class=\"wp-block-uagb-container uagb-block-500516af\">\n<div class=\"wp-block-uagb-icon-list uagb-block-9e6e0027\"><div class=\"uagb-icon-list__wrap\">\n<div class=\"wp-block-uagb-icon-list-child uagb-block-da7fbd1d\"><span class=\"uagb-icon-list__source-wrap\"><svg xmlns=\"https:\/\/www.w3.org\/2000\/svg\" viewBox=\"0 0 448 512\"><path d=\"M182.6 246.6C170.1 259.1 149.9 259.1 137.4 246.6L57.37 166.6C44.88 154.1 44.88 133.9 57.37 121.4C69.87 108.9 90.13 108.9 102.6 121.4L159.1 178.7L297.4 41.37C309.9 28.88 330.1 28.88 342.6 41.37C355.1 53.87 355.1 74.13 342.6 86.63L182.6 246.6zM182.6 470.6C170.1 483.1 149.9 483.1 137.4 470.6L9.372 342.6C-3.124 330.1-3.124 309.9 9.372 297.4C21.87 284.9 42.13 284.9 54.63 297.4L159.1 402.7L393.4 169.4C405.9 156.9 426.1 156.9 438.6 169.4C451.1 181.9 451.1 202.1 438.6 214.6L182.6 470.6z\"><\/path><\/svg><\/span><span class=\"uagb-icon-list__label\">Diferentes concep\u00e7\u00f5es construtivas conforme espa\u00e7o dispon\u00edvel e necessidade de montagem. <\/span><\/div>\n\n\n\n<div class=\"wp-block-uagb-icon-list-child uagb-block-29323021\"><span class=\"uagb-icon-list__source-wrap\"><svg xmlns=\"https:\/\/www.w3.org\/2000\/svg\" viewBox=\"0 0 448 512\"><path d=\"M182.6 246.6C170.1 259.1 149.9 259.1 137.4 246.6L57.37 166.6C44.88 154.1 44.88 133.9 57.37 121.4C69.87 108.9 90.13 108.9 102.6 121.4L159.1 178.7L297.4 41.37C309.9 28.88 330.1 28.88 342.6 41.37C355.1 53.87 355.1 74.13 342.6 86.63L182.6 246.6zM182.6 470.6C170.1 483.1 149.9 483.1 137.4 470.6L9.372 342.6C-3.124 330.1-3.124 309.9 9.372 297.4C21.87 284.9 42.13 284.9 54.63 297.4L159.1 402.7L393.4 169.4C405.9 156.9 426.1 156.9 438.6 169.4C451.1 181.9 451.1 202.1 438.6 214.6L182.6 470.6z\"><\/path><\/svg><\/span><span class=\"uagb-icon-list__label\">Possibilidade de adapta\u00e7\u00e3o para interfaces, acionamentos e pontos de conex\u00e3o do projeto.<\/span><\/div>\n\n\n\n<div class=\"wp-block-uagb-icon-list-child uagb-block-c5ac3678\"><span class=\"uagb-icon-list__source-wrap\"><svg xmlns=\"https:\/\/www.w3.org\/2000\/svg\" viewBox=\"0 0 448 512\"><path d=\"M182.6 246.6C170.1 259.1 149.9 259.1 137.4 246.6L57.37 166.6C44.88 154.1 44.88 133.9 57.37 121.4C69.87 108.9 90.13 108.9 102.6 121.4L159.1 178.7L297.4 41.37C309.9 28.88 330.1 28.88 342.6 41.37C355.1 53.87 355.1 74.13 342.6 86.63L182.6 246.6zM182.6 470.6C170.1 483.1 149.9 483.1 137.4 470.6L9.372 342.6C-3.124 330.1-3.124 309.9 9.372 297.4C21.87 284.9 42.13 284.9 54.63 297.4L159.1 402.7L393.4 169.4C405.9 156.9 426.1 156.9 438.6 169.4C451.1 181.9 451.1 202.1 438.6 214.6L182.6 470.6z\"><\/path><\/svg><\/span><span class=\"uagb-icon-list__label\">Solu\u00e7\u00f5es voltadas a aplica\u00e7\u00f5es espec\u00edficas, adequa\u00e7\u00f5es t\u00e9cnicas e integra\u00e7\u00e3o com o conjunto da instala\u00e7\u00e3o.<\/span><\/div>\n<\/div><\/div>\n\n\n\n<h3 class=\"wp-block-heading has-text-align-center\">Arranjos e configura\u00e7\u00f5es especiais<\/h3>\n<\/div>\n\n\n\n<div class=\"wp-block-uagb-container uagb-block-43e23949\">\n<figure class=\"wp-block-image size-large\"><img loading=\"lazy\" decoding=\"async\" width=\"1024\" height=\"1020\" src=\"https:\/\/martecusinagem.com.br\/wp-content\/uploads\/2026\/04\/chaves_trip_6ka_00-1024x1020.png\" alt=\"\" class=\"wp-image-123\" srcset=\"https:\/\/martecusinagem.com.br\/wp-content\/uploads\/2026\/04\/chaves_trip_6ka_00-1024x1020.png 1024w, https:\/\/martecusinagem.com.br\/wp-content\/uploads\/2026\/04\/chaves_trip_6ka_00-300x300.png 300w, https:\/\/martecusinagem.com.br\/wp-content\/uploads\/2026\/04\/chaves_trip_6ka_00-150x150.png 150w, https:\/\/martecusinagem.com.br\/wp-content\/uploads\/2026\/04\/chaves_trip_6ka_00-768x765.png 768w, https:\/\/martecusinagem.com.br\/wp-content\/uploads\/2026\/04\/chaves_trip_6ka_00.png 1257w\" sizes=\"auto, (max-width: 1024px) 100vw, 1024px\" \/><figcaption class=\"wp-element-caption\"><strong>MRT-T | 3,6kV | 6.000A<\/strong><\/figcaption><\/figure>\n<\/div>\n<\/div>\n\n\n\n<div class=\"wp-block-uagb-container uagb-block-b372f266 alignwide uagb-is-root-container\">\n<h3 class=\"wp-block-heading\">Escopo de fornecimento<\/h3>\n\n\n\n<ul class=\"wp-block-list\">\n<li>Seccionadoras para aplica\u00e7\u00f5es industriais<\/li>\n\n\n\n<li>Componentes e pe\u00e7as de reposi\u00e7\u00e3o<\/li>\n\n\n\n<li>Adequa\u00e7\u00f5es conforme necessidade do projeto<\/li>\n\n\n\n<li>Conjuntos e subconjuntos mec\u00e2nicos e el\u00e9tricos<\/li>\n\n\n\n<li>Itens para manuten\u00e7\u00e3o, reforma e retrofit<\/li>\n<\/ul>\n<\/div>\n\n\n\n<div class=\"wp-block-uagb-container uagb-block-30bb882f alignwide uagb-is-root-container\">\n<h3 class=\"wp-block-heading\">Aplica\u00e7\u00f5es<\/h3>\n\n\n\n<p>Atendemos demandas industriais relacionadas a manobra, interliga\u00e7\u00e3o, adequa\u00e7\u00e3o de instala\u00e7\u00e3o, substitui\u00e7\u00e3o de componentes e suporte a projetos de manuten\u00e7\u00e3o e retrofit.<\/p>\n<\/div>\n\n\n\n<div class=\"wp-block-uagb-container uagb-block-fbe18ff6 alignfull uagb-is-root-container\"><div class=\"uagb-container-inner-blocks-wrap\">\n<h3 class=\"wp-block-heading has-ast-global-color-5-color has-text-color has-link-color wp-elements-248b71cc10130e7adf9b559c3a380ed0\">Envie seu escopo t\u00e9cnico<\/h3>\n\n\n\n<p class=\"has-ast-global-color-5-color has-text-color has-link-color wp-elements-27c7d65adc4eaebd6841a6bae03bbaf1\">Se voc\u00ea precisa substituir, adequar ou fornecer seccionadoras, componentes e conjuntos para aplica\u00e7\u00e3o industrial, envie seu escopo para an\u00e1lise da MARTEC.<\/p>\n\n\n\n<div class=\"wp-block-buttons is-layout-flex wp-block-buttons-is-layout-flex\">\n<div class=\"wp-block-button\"><a class=\"wp-block-button__link wp-element-button\">Solicitar an\u00e1lise t\u00e9cnica<\/a><\/div>\n<\/div>\n<\/div><\/div>\n","protected":false},"excerpt":{"rendered":"<p>Seccionadoras e componentes para aplica\u00e7\u00f5es industriais A MARTEC atua com seccionadoras, componentes e adequa\u00e7\u00f5es para aplica\u00e7\u00f5es industriais, oferecendo solu\u00e7\u00f5es com [&hellip;]<\/p>\n","protected":false},"author":1,"featured_media":0,"parent":0,"menu_order":0,"comment_status":"closed","ping_status":"closed","template":"","meta":{"_uag_custom_page_level_css":"","site-sidebar-layout":"default","site-content-layout":"","ast-site-content-layout":"default","site-content-style":"default","site-sidebar-style":"default","ast-global-header-display":"","ast-banner-title-visibility":"","ast-main-header-display":"","ast-hfb-above-header-display":"","ast-hfb-below-header-display":"","ast-hfb-mobile-header-display":"","site-post-title":"disabled","ast-breadcrumbs-content":"","ast-featured-img":"","footer-sml-layout":"","ast-disable-related-posts":"","theme-transparent-header-meta":"","adv-header-id-meta":"","stick-header-meta":"","header-above-stick-meta":"","header-main-stick-meta":"","header-below-stick-meta":"","astra-migrate-meta-layouts":"default","ast-page-background-enabled":"default","ast-page-background-meta":{"desktop":{"background-color":"var(--ast-global-color-5)","background-image":"","background-repeat":"repeat","background-position":"center center","background-size":"auto","background-attachment":"scroll","background-type":"","background-media":"","overlay-type":"","overlay-color":"","overlay-opacity":"","overlay-gradient":""},"tablet":{"background-color":"","background-image":"","background-repeat":"repeat","background-position":"center center","background-size":"auto","background-attachment":"scroll","background-type":"","background-media":"","overlay-type":"","overlay-color":"","overlay-opacity":"","overlay-gradient":""},"mobile":{"background-color":"","background-image":"","background-repeat":"repeat","background-position":"center center","background-size":"auto","background-attachment":"scroll","background-type":"","background-media":"","overlay-type":"","overlay-color":"","overlay-opacity":"","overlay-gradient":""}},"ast-content-background-meta":{"desktop":{"background-color":"var(--ast-global-color-4)","background-image":"","background-repeat":"repeat","background-position":"center center","background-size":"auto","background-attachment":"scroll","background-type":"","background-media":"","overlay-type":"","overlay-color":"","overlay-opacity":"","overlay-gradient":""},"tablet":{"background-color":"var(--ast-global-color-4)","background-image":"","background-repeat":"repeat","background-position":"center center","background-size":"auto","background-attachment":"scroll","background-type":"","background-media":"","overlay-type":"","overlay-color":"","overlay-opacity":"","overlay-gradient":""},"mobile":{"background-color":"var(--ast-global-color-4)","background-image":"","background-repeat":"repeat","background-position":"center center","background-size":"auto","background-attachment":"scroll","background-type":"","background-media":"","overlay-type":"","overlay-color":"","overlay-opacity":"","overlay-gradient":""}},"footnotes":""},"class_list":["post-19","page","type-page","status-publish","hentry"],"uagb_featured_image_src":{"full":false,"thumbnail":false,"medium":false,"medium_large":false,"large":false,"1536x1536":false,"2048x2048":false},"uagb_author_info":{"display_name":"mcc","author_link":"https:\/\/martecusinagem.com.br\/?author=1"},"uagb_comment_info":0,"uagb_excerpt":"Seccionadoras e componentes para aplica\u00e7\u00f5es industriais A MARTEC atua com seccionadoras, componentes e adequa\u00e7\u00f5es para aplica\u00e7\u00f5es industriais, oferecendo solu\u00e7\u00f5es com [&hellip;]","_links":{"self":[{"href":"https:\/\/martecusinagem.com.br\/index.php?rest_route=\/wp\/v2\/pages\/19","targetHints":{"allow":["GET"]}}],"collection":[{"href":"https:\/\/martecusinagem.com.br\/index.php?rest_route=\/wp\/v2\/pages"}],"about":[{"href":"https:\/\/martecusinagem.com.br\/index.php?rest_route=\/wp\/v2\/types\/page"}],"author":[{"embeddable":true,"href":"https:\/\/martecusinagem.com.br\/index.php?rest_route=\/wp\/v2\/users\/1"}],"replies":[{"embeddable":true,"href":"https:\/\/martecusinagem.com.br\/index.php?rest_route=%2Fwp%2Fv2%2Fcomments&post=19"}],"version-history":[{"count":24,"href":"https:\/\/martecusinagem.com.br\/index.php?rest_route=\/wp\/v2\/pages\/19\/revisions"}],"predecessor-version":[{"id":157,"href":"https:\/\/martecusinagem.com.br\/index.php?rest_route=\/wp\/v2\/pages\/19\/revisions\/157"}],"wp:attachment":[{"href":"https:\/\/martecusinagem.com.br\/index.php?rest_route=%2Fwp%2Fv2%2Fmedia&parent=19"}],"curies":[{"name":"wp","href":"https:\/\/api.w.org\/{rel}","templated":true}]}}