{"id":21,"date":"2026-04-21T18:44:21","date_gmt":"2026-04-21T21:44:21","guid":{"rendered":"https:\/\/martecusinagem.com.br\/?page_id=21"},"modified":"2026-04-28T12:36:03","modified_gmt":"2026-04-28T15:36:03","slug":"barramentos","status":"publish","type":"page","link":"https:\/\/martecusinagem.com.br\/barramentos\/","title":{"rendered":"Barramentos"},"content":{"rendered":"\n<div class=\"wp-block-uagb-container uagb-block-85303a59 alignfull uagb-is-root-container\"><div class=\"uagb-container-inner-blocks-wrap\">\n<h2 class=\"wp-block-heading has-ast-global-color-5-color has-text-color has-link-color wp-elements-890a993ced2cceadc21f2af8435bc65d\">Barramentos sob medida para aplica\u00e7\u00f5es industriais<\/h2>\n\n\n\n<h3 class=\"wp-block-heading has-ast-global-color-5-color has-text-color has-link-color wp-elements-f004a0e9868966bb0c4e7677daac8399\">A MARTEC fabrica barramentos e conex\u00f5es el\u00e9tricas sob medida para aplica\u00e7\u00f5es industriais, com foco em robustez, precis\u00e3o dimensional e entrega pronta para instala\u00e7\u00e3o.<\/h3>\n\n\n\n<p><\/p>\n<\/div><\/div>\n\n\n\n<p><\/p>\n\n\n\n<h3 class=\"wp-block-heading\">Qualidade, conforma\u00e7\u00e3o e acabamento<\/h3>\n\n\n\n<div class=\"wp-block-uagb-container uagb-block-5b7b9744 alignwide uagb-is-root-container\">\n<div class=\"wp-block-uagb-container uagb-block-380bb9eb\">\n<figure class=\"wp-block-image size-large\"><img loading=\"lazy\" decoding=\"async\" width=\"768\" height=\"1024\" src=\"https:\/\/martecusinagem.com.br\/wp-content\/uploads\/2026\/04\/barramento_arredondado_30x10_00-768x1024.jpg\" alt=\"\" class=\"wp-image-84\" srcset=\"https:\/\/martecusinagem.com.br\/wp-content\/uploads\/2026\/04\/barramento_arredondado_30x10_00-768x1024.jpg 768w, https:\/\/martecusinagem.com.br\/wp-content\/uploads\/2026\/04\/barramento_arredondado_30x10_00-225x300.jpg 225w, https:\/\/martecusinagem.com.br\/wp-content\/uploads\/2026\/04\/barramento_arredondado_30x10_00.jpg 1086w\" sizes=\"auto, (max-width: 768px) 100vw, 768px\" \/><\/figure>\n<\/div>\n\n\n\n<div class=\"wp-block-uagb-container uagb-block-055cfbf7\">\n<figure class=\"wp-block-image size-large\"><img loading=\"lazy\" decoding=\"async\" width=\"768\" height=\"1024\" src=\"https:\/\/martecusinagem.com.br\/wp-content\/uploads\/2026\/04\/barramento_arredondado_100x10_00-768x1024.jpg\" alt=\"\" class=\"wp-image-85\" srcset=\"https:\/\/martecusinagem.com.br\/wp-content\/uploads\/2026\/04\/barramento_arredondado_100x10_00-768x1024.jpg 768w, https:\/\/martecusinagem.com.br\/wp-content\/uploads\/2026\/04\/barramento_arredondado_100x10_00-225x300.jpg 225w, https:\/\/martecusinagem.com.br\/wp-content\/uploads\/2026\/04\/barramento_arredondado_100x10_00.jpg 1086w\" sizes=\"auto, (max-width: 768px) 100vw, 768px\" \/><\/figure>\n<\/div>\n\n\n\n<div class=\"wp-block-uagb-container uagb-block-8a316a10\">\n<div class=\"wp-block-uagb-icon-list uagb-block-357b5a14\"><div class=\"uagb-icon-list__wrap\">\n<div class=\"wp-block-uagb-icon-list-child uagb-block-979b035b\"><span class=\"uagb-icon-list__source-wrap\"><svg xmlns=\"https:\/\/www.w3.org\/2000\/svg\" viewBox=\"0 0 448 512\"><path d=\"M182.6 246.6C170.1 259.1 149.9 259.1 137.4 246.6L57.37 166.6C44.88 154.1 44.88 133.9 57.37 121.4C69.87 108.9 90.13 108.9 102.6 121.4L159.1 178.7L297.4 41.37C309.9 28.88 330.1 28.88 342.6 41.37C355.1 53.87 355.1 74.13 342.6 86.63L182.6 246.6zM182.6 470.6C170.1 483.1 149.9 483.1 137.4 470.6L9.372 342.6C-3.124 330.1-3.124 309.9 9.372 297.4C21.87 284.9 42.13 284.9 54.63 297.4L159.1 402.7L393.4 169.4C405.9 156.9 426.1 156.9 438.6 169.4C451.1 181.9 451.1 202.1 438.6 214.6L182.6 470.6z\"><\/path><\/svg><\/span><span class=\"uagb-icon-list__label\">Acabamento t\u00e9cnico com aten\u00e7\u00e3o \u00e0 geometria, fura\u00e7\u00e3o e condi\u00e7\u00e3o superficial das pe\u00e7as.<\/span><\/div>\n\n\n\n<div class=\"wp-block-uagb-icon-list-child uagb-block-3ab4a1bb\"><span class=\"uagb-icon-list__source-wrap\"><svg xmlns=\"https:\/\/www.w3.org\/2000\/svg\" viewBox=\"0 0 448 512\"><path d=\"M182.6 246.6C170.1 259.1 149.9 259.1 137.4 246.6L57.37 166.6C44.88 154.1 44.88 133.9 57.37 121.4C69.87 108.9 90.13 108.9 102.6 121.4L159.1 178.7L297.4 41.37C309.9 28.88 330.1 28.88 342.6 41.37C355.1 53.87 355.1 74.13 342.6 86.63L182.6 246.6zM182.6 470.6C170.1 483.1 149.9 483.1 137.4 470.6L9.372 342.6C-3.124 330.1-3.124 309.9 9.372 297.4C21.87 284.9 42.13 284.9 54.63 297.4L159.1 402.7L393.4 169.4C405.9 156.9 426.1 156.9 438.6 169.4C451.1 181.9 451.1 202.1 438.6 214.6L182.6 470.6z\"><\/path><\/svg><\/span><span class=\"uagb-icon-list__label\">Fabrica\u00e7\u00e3o em diferentes formatos e configura\u00e7\u00f5es, conforme a necessidade da aplica\u00e7\u00e3o.<\/span><\/div>\n\n\n\n<div class=\"wp-block-uagb-icon-list-child uagb-block-2e279d1d\"><span class=\"uagb-icon-list__source-wrap\"><svg xmlns=\"https:\/\/www.w3.org\/2000\/svg\" viewBox=\"0 0 448 512\"><path d=\"M182.6 246.6C170.1 259.1 149.9 259.1 137.4 246.6L57.37 166.6C44.88 154.1 44.88 133.9 57.37 121.4C69.87 108.9 90.13 108.9 102.6 121.4L159.1 178.7L297.4 41.37C309.9 28.88 330.1 28.88 342.6 41.37C355.1 53.87 355.1 74.13 342.6 86.63L182.6 246.6zM182.6 470.6C170.1 483.1 149.9 483.1 137.4 470.6L9.372 342.6C-3.124 330.1-3.124 309.9 9.372 297.4C21.87 284.9 42.13 284.9 54.63 297.4L159.1 402.7L393.4 169.4C405.9 156.9 426.1 156.9 438.6 169.4C451.1 181.9 451.1 202.1 438.6 214.6L182.6 470.6z\"><\/path><\/svg><\/span><span class=\"uagb-icon-list__label\">Qualidade dimensional para montagem, interliga\u00e7\u00e3o e instala\u00e7\u00e3o industrial.<\/span><\/div>\n<\/div><\/div>\n\n\n\n<h3 class=\"wp-block-heading has-text-align-center\">Acabamento e precis\u00e3o<\/h3>\n<\/div>\n<\/div>\n\n\n\n<div class=\"wp-block-uagb-container uagb-block-7ff86f98 alignwide uagb-is-root-container\">\n<div class=\"wp-block-uagb-container uagb-block-6d43f03c\">\n<div class=\"wp-block-uagb-icon-list uagb-block-8840987c\"><div class=\"uagb-icon-list__wrap\">\n<div class=\"wp-block-uagb-icon-list-child uagb-block-b7a3b50b\"><span class=\"uagb-icon-list__source-wrap\"><svg xmlns=\"https:\/\/www.w3.org\/2000\/svg\" viewBox=\"0 0 448 512\"><path d=\"M182.6 246.6C170.1 259.1 149.9 259.1 137.4 246.6L57.37 166.6C44.88 154.1 44.88 133.9 57.37 121.4C69.87 108.9 90.13 108.9 102.6 121.4L159.1 178.7L297.4 41.37C309.9 28.88 330.1 28.88 342.6 41.37C355.1 53.87 355.1 74.13 342.6 86.63L182.6 246.6zM182.6 470.6C170.1 483.1 149.9 483.1 137.4 470.6L9.372 342.6C-3.124 330.1-3.124 309.9 9.372 297.4C21.87 284.9 42.13 284.9 54.63 297.4L159.1 402.7L393.4 169.4C405.9 156.9 426.1 156.9 438.6 169.4C451.1 181.9 451.1 202.1 438.6 214.6L182.6 470.6z\"><\/path><\/svg><\/span><span class=\"uagb-icon-list__label\">Barramentos dobrados com precis\u00e3o, inclusive para geometrias mais complexas e aplica\u00e7\u00f5es espec\u00edficas.<\/span><\/div>\n\n\n\n<div class=\"wp-block-uagb-icon-list-child uagb-block-74112715\"><span class=\"uagb-icon-list__source-wrap\"><svg xmlns=\"https:\/\/www.w3.org\/2000\/svg\" viewBox=\"0 0 448 512\"><path d=\"M182.6 246.6C170.1 259.1 149.9 259.1 137.4 246.6L57.37 166.6C44.88 154.1 44.88 133.9 57.37 121.4C69.87 108.9 90.13 108.9 102.6 121.4L159.1 178.7L297.4 41.37C309.9 28.88 330.1 28.88 342.6 41.37C355.1 53.87 355.1 74.13 342.6 86.63L182.6 246.6zM182.6 470.6C170.1 483.1 149.9 483.1 137.4 470.6L9.372 342.6C-3.124 330.1-3.124 309.9 9.372 297.4C21.87 284.9 42.13 284.9 54.63 297.4L159.1 402.7L393.4 169.4C405.9 156.9 426.1 156.9 438.6 169.4C451.1 181.9 451.1 202.1 438.6 214.6L182.6 470.6z\"><\/path><\/svg><\/span><span class=\"uagb-icon-list__label\">Fornecimento em diferentes bitolas, formatos e configura\u00e7\u00f5es.<\/span><\/div>\n\n\n\n<div class=\"wp-block-uagb-icon-list-child uagb-block-e16ea688\"><span class=\"uagb-icon-list__source-wrap\"><svg xmlns=\"https:\/\/www.w3.org\/2000\/svg\" viewBox=\"0 0 448 512\"><path d=\"M182.6 246.6C170.1 259.1 149.9 259.1 137.4 246.6L57.37 166.6C44.88 154.1 44.88 133.9 57.37 121.4C69.87 108.9 90.13 108.9 102.6 121.4L159.1 178.7L297.4 41.37C309.9 28.88 330.1 28.88 342.6 41.37C355.1 53.87 355.1 74.13 342.6 86.63L182.6 246.6zM182.6 470.6C170.1 483.1 149.9 483.1 137.4 470.6L9.372 342.6C-3.124 330.1-3.124 309.9 9.372 297.4C21.87 284.9 42.13 284.9 54.63 297.4L159.1 402.7L393.4 169.4C405.9 156.9 426.1 156.9 438.6 169.4C451.1 181.9 451.1 202.1 438.6 214.6L182.6 470.6z\"><\/path><\/svg><\/span><span class=\"uagb-icon-list__label\">Fabrica\u00e7\u00e3o sob medida para montagem e instala\u00e7\u00e3o industrial.<\/span><\/div>\n<\/div><\/div>\n\n\n\n<h3 class=\"wp-block-heading has-text-align-center\">Dobras e geometrias<\/h3>\n<\/div>\n\n\n\n<div class=\"wp-block-uagb-container uagb-block-9cb4209d\">\n<figure class=\"wp-block-image size-large\"><img loading=\"lazy\" decoding=\"async\" width=\"768\" height=\"1024\" src=\"https:\/\/martecusinagem.com.br\/wp-content\/uploads\/2026\/04\/barramento_dobrado_30x20_00-768x1024.jpg\" alt=\"\" class=\"wp-image-87\" srcset=\"https:\/\/martecusinagem.com.br\/wp-content\/uploads\/2026\/04\/barramento_dobrado_30x20_00-768x1024.jpg 768w, https:\/\/martecusinagem.com.br\/wp-content\/uploads\/2026\/04\/barramento_dobrado_30x20_00-225x300.jpg 225w, https:\/\/martecusinagem.com.br\/wp-content\/uploads\/2026\/04\/barramento_dobrado_30x20_00.jpg 1086w\" sizes=\"auto, (max-width: 768px) 100vw, 768px\" \/><\/figure>\n<\/div>\n\n\n\n<div class=\"wp-block-uagb-container uagb-block-2b68314f\">\n<figure class=\"wp-block-image size-large\"><img loading=\"lazy\" decoding=\"async\" width=\"768\" height=\"1024\" src=\"https:\/\/martecusinagem.com.br\/wp-content\/uploads\/2026\/04\/barramento_dobrado_100x10_00-768x1024.jpg\" alt=\"\" class=\"wp-image-89\" srcset=\"https:\/\/martecusinagem.com.br\/wp-content\/uploads\/2026\/04\/barramento_dobrado_100x10_00-768x1024.jpg 768w, https:\/\/martecusinagem.com.br\/wp-content\/uploads\/2026\/04\/barramento_dobrado_100x10_00-225x300.jpg 225w, https:\/\/martecusinagem.com.br\/wp-content\/uploads\/2026\/04\/barramento_dobrado_100x10_00.jpg 1086w\" sizes=\"auto, (max-width: 768px) 100vw, 768px\" \/><\/figure>\n<\/div>\n<\/div>\n\n\n\n<div class=\"wp-block-uagb-container uagb-block-9f4e2d8e alignwide uagb-is-root-container\">\n<div class=\"wp-block-uagb-container uagb-block-b97372e4\">\n<figure class=\"wp-block-image size-large\"><img loading=\"lazy\" decoding=\"async\" width=\"1024\" height=\"768\" src=\"https:\/\/martecusinagem.com.br\/wp-content\/uploads\/2026\/04\/barramento_isolado_02-1024x768.jpg\" alt=\"\" class=\"wp-image-94\" srcset=\"https:\/\/martecusinagem.com.br\/wp-content\/uploads\/2026\/04\/barramento_isolado_02-1024x768.jpg 1024w, https:\/\/martecusinagem.com.br\/wp-content\/uploads\/2026\/04\/barramento_isolado_02-300x225.jpg 300w, https:\/\/martecusinagem.com.br\/wp-content\/uploads\/2026\/04\/barramento_isolado_02-768x576.jpg 768w, https:\/\/martecusinagem.com.br\/wp-content\/uploads\/2026\/04\/barramento_isolado_02.jpg 1448w\" sizes=\"auto, (max-width: 1024px) 100vw, 1024px\" \/><\/figure>\n<\/div>\n\n\n\n<div class=\"wp-block-uagb-container uagb-block-72865a5c\">\n<figure class=\"wp-block-image size-large\"><img loading=\"lazy\" decoding=\"async\" width=\"1024\" height=\"768\" src=\"https:\/\/martecusinagem.com.br\/wp-content\/uploads\/2026\/04\/barramento_isolado_00-1024x768.jpg\" alt=\"\" class=\"wp-image-78\" srcset=\"https:\/\/martecusinagem.com.br\/wp-content\/uploads\/2026\/04\/barramento_isolado_00-1024x768.jpg 1024w, https:\/\/martecusinagem.com.br\/wp-content\/uploads\/2026\/04\/barramento_isolado_00-300x225.jpg 300w, https:\/\/martecusinagem.com.br\/wp-content\/uploads\/2026\/04\/barramento_isolado_00-768x576.jpg 768w, https:\/\/martecusinagem.com.br\/wp-content\/uploads\/2026\/04\/barramento_isolado_00.jpg 1448w\" sizes=\"auto, (max-width: 1024px) 100vw, 1024px\" \/><\/figure>\n<\/div>\n\n\n\n<div class=\"wp-block-uagb-container uagb-block-d9a78144\">\n<div class=\"wp-block-uagb-icon-list uagb-block-f95cc75e\"><div class=\"uagb-icon-list__wrap\">\n<div class=\"wp-block-uagb-icon-list-child uagb-block-b77231fc\"><span class=\"uagb-icon-list__source-wrap\"><svg xmlns=\"https:\/\/www.w3.org\/2000\/svg\" viewBox=\"0 0 448 512\"><path d=\"M182.6 246.6C170.1 259.1 149.9 259.1 137.4 246.6L57.37 166.6C44.88 154.1 44.88 133.9 57.37 121.4C69.87 108.9 90.13 108.9 102.6 121.4L159.1 178.7L297.4 41.37C309.9 28.88 330.1 28.88 342.6 41.37C355.1 53.87 355.1 74.13 342.6 86.63L182.6 246.6zM182.6 470.6C170.1 483.1 149.9 483.1 137.4 470.6L9.372 342.6C-3.124 330.1-3.124 309.9 9.372 297.4C21.87 284.9 42.13 284.9 54.63 297.4L159.1 402.7L393.4 169.4C405.9 156.9 426.1 156.9 438.6 169.4C451.1 181.9 451.1 202.1 438.6 214.6L182.6 470.6z\"><\/path><\/svg><\/span><span class=\"uagb-icon-list__label\">Pe\u00e7as e conjuntos com isola\u00e7\u00e3o por termocontr\u00e1til, conforme a necessidade da aplica\u00e7\u00e3o.<\/span><\/div>\n\n\n\n<div class=\"wp-block-uagb-icon-list-child uagb-block-42469d9c\"><span class=\"uagb-icon-list__source-wrap\"><svg xmlns=\"https:\/\/www.w3.org\/2000\/svg\" viewBox=\"0 0 448 512\"><path d=\"M182.6 246.6C170.1 259.1 149.9 259.1 137.4 246.6L57.37 166.6C44.88 154.1 44.88 133.9 57.37 121.4C69.87 108.9 90.13 108.9 102.6 121.4L159.1 178.7L297.4 41.37C309.9 28.88 330.1 28.88 342.6 41.37C355.1 53.87 355.1 74.13 342.6 86.63L182.6 246.6zM182.6 470.6C170.1 483.1 149.9 483.1 137.4 470.6L9.372 342.6C-3.124 330.1-3.124 309.9 9.372 297.4C21.87 284.9 42.13 284.9 54.63 297.4L159.1 402.7L393.4 169.4C405.9 156.9 426.1 156.9 438.6 169.4C451.1 181.9 451.1 202.1 438.6 214.6L182.6 470.6z\"><\/path><\/svg><\/span><span class=\"uagb-icon-list__label\">Fabrica\u00e7\u00e3o em diferentes formatos e configura\u00e7\u00f5es para montagem industrial.<\/span><\/div>\n\n\n\n<div class=\"wp-block-uagb-icon-list-child uagb-block-9a79982f\"><span class=\"uagb-icon-list__source-wrap\"><svg xmlns=\"https:\/\/www.w3.org\/2000\/svg\" viewBox=\"0 0 448 512\"><path d=\"M182.6 246.6C170.1 259.1 149.9 259.1 137.4 246.6L57.37 166.6C44.88 154.1 44.88 133.9 57.37 121.4C69.87 108.9 90.13 108.9 102.6 121.4L159.1 178.7L297.4 41.37C309.9 28.88 330.1 28.88 342.6 41.37C355.1 53.87 355.1 74.13 342.6 86.63L182.6 246.6zM182.6 470.6C170.1 483.1 149.9 483.1 137.4 470.6L9.372 342.6C-3.124 330.1-3.124 309.9 9.372 297.4C21.87 284.9 42.13 284.9 54.63 297.4L159.1 402.7L393.4 169.4C405.9 156.9 426.1 156.9 438.6 169.4C451.1 181.9 451.1 202.1 438.6 214.6L182.6 470.6z\"><\/path><\/svg><\/span><span class=\"uagb-icon-list__label\">Solu\u00e7\u00f5es prontas para adequa\u00e7\u00e3o, reposi\u00e7\u00e3o e interliga\u00e7\u00e3o el\u00e9trica.<\/span><\/div>\n<\/div><\/div>\n\n\n\n<h3 class=\"wp-block-heading has-text-align-center\"><strong>Isola\u00e7\u00e3o e prote\u00e7\u00e3o<\/strong><\/h3>\n<\/div>\n<\/div>\n\n\n\n<div class=\"wp-block-uagb-container uagb-block-dfcb8d49 alignwide uagb-is-root-container\">\n<div class=\"wp-block-uagb-container uagb-block-41265ad5\">\n<div class=\"wp-block-uagb-icon-list uagb-block-dc028a35\"><div class=\"uagb-icon-list__wrap\">\n<div class=\"wp-block-uagb-icon-list-child uagb-block-1301cd94\"><span class=\"uagb-icon-list__source-wrap\"><svg xmlns=\"https:\/\/www.w3.org\/2000\/svg\" viewBox=\"0 0 448 512\"><path d=\"M182.6 246.6C170.1 259.1 149.9 259.1 137.4 246.6L57.37 166.6C44.88 154.1 44.88 133.9 57.37 121.4C69.87 108.9 90.13 108.9 102.6 121.4L159.1 178.7L297.4 41.37C309.9 28.88 330.1 28.88 342.6 41.37C355.1 53.87 355.1 74.13 342.6 86.63L182.6 246.6zM182.6 470.6C170.1 483.1 149.9 483.1 137.4 470.6L9.372 342.6C-3.124 330.1-3.124 309.9 9.372 297.4C21.87 284.9 42.13 284.9 54.63 297.4L159.1 402.7L393.4 169.4C405.9 156.9 426.1 156.9 438.6 169.4C451.1 181.9 451.1 202.1 438.6 214.6L182.6 470.6z\"><\/path><\/svg><\/span><span class=\"uagb-icon-list__label\">Grava\u00e7\u00e3o das pe\u00e7as para identifica\u00e7\u00e3o e rastreabilidade.<\/span><\/div>\n\n\n\n<div class=\"wp-block-uagb-icon-list-child uagb-block-6e313d9c\"><span class=\"uagb-icon-list__source-wrap\"><svg xmlns=\"https:\/\/www.w3.org\/2000\/svg\" viewBox=\"0 0 448 512\"><path d=\"M182.6 246.6C170.1 259.1 149.9 259.1 137.4 246.6L57.37 166.6C44.88 154.1 44.88 133.9 57.37 121.4C69.87 108.9 90.13 108.9 102.6 121.4L159.1 178.7L297.4 41.37C309.9 28.88 330.1 28.88 342.6 41.37C355.1 53.87 355.1 74.13 342.6 86.63L182.6 246.6zM182.6 470.6C170.1 483.1 149.9 483.1 137.4 470.6L9.372 342.6C-3.124 330.1-3.124 309.9 9.372 297.4C21.87 284.9 42.13 284.9 54.63 297.4L159.1 402.7L393.4 169.4C405.9 156.9 426.1 156.9 438.6 169.4C451.1 181.9 451.1 202.1 438.6 214.6L182.6 470.6z\"><\/path><\/svg><\/span><span class=\"uagb-icon-list__label\">Possibilidade de marca\u00e7\u00e3o com dados definidos pelo cliente ou projeto.<\/span><\/div>\n\n\n\n<div class=\"wp-block-uagb-icon-list-child uagb-block-228f7454\"><span class=\"uagb-icon-list__source-wrap\"><svg xmlns=\"https:\/\/www.w3.org\/2000\/svg\" viewBox=\"0 0 448 512\"><path d=\"M182.6 246.6C170.1 259.1 149.9 259.1 137.4 246.6L57.37 166.6C44.88 154.1 44.88 133.9 57.37 121.4C69.87 108.9 90.13 108.9 102.6 121.4L159.1 178.7L297.4 41.37C309.9 28.88 330.1 28.88 342.6 41.37C355.1 53.87 355.1 74.13 342.6 86.63L182.6 246.6zM182.6 470.6C170.1 483.1 149.9 483.1 137.4 470.6L9.372 342.6C-3.124 330.1-3.124 309.9 9.372 297.4C21.87 284.9 42.13 284.9 54.63 297.4L159.1 402.7L393.4 169.4C405.9 156.9 426.1 156.9 438.6 169.4C451.1 181.9 451.1 202.1 438.6 214.6L182.6 470.6z\"><\/path><\/svg><\/span><span class=\"uagb-icon-list__label\">Mais controle na montagem, confer\u00eancia e reposi\u00e7\u00e3o em campo.<\/span><\/div>\n<\/div><\/div>\n\n\n\n<h3 class=\"wp-block-heading has-text-align-center\">Identifica\u00e7\u00e3o e rastreabilidade<\/h3>\n<\/div>\n\n\n\n<div class=\"wp-block-uagb-container uagb-block-0d7d7af6\">\n<figure style=\"margin-top:0;margin-right:0;margin-bottom:0;margin-left:0;padding-top:0;padding-bottom:0\" class=\"wp-block-video\"><video height=\"1280\" style=\"aspect-ratio: 720 \/ 1280;\" width=\"720\" autoplay controls loop muted src=\"https:\/\/martecusinagem.com.br\/wp-content\/uploads\/2026\/04\/MARTEC_vertical_limpo_compacto_720p_7s.mp4\" playsinline><\/video><\/figure>\n<\/div>\n\n\n\n<div class=\"wp-block-uagb-container uagb-block-d58df9bc\">\n<figure class=\"wp-block-image size-large\"><img loading=\"lazy\" decoding=\"async\" width=\"768\" height=\"1024\" src=\"https:\/\/martecusinagem.com.br\/wp-content\/uploads\/2026\/04\/barramento_gravado_00-768x1024.jpg\" alt=\"\" class=\"wp-image-99\" srcset=\"https:\/\/martecusinagem.com.br\/wp-content\/uploads\/2026\/04\/barramento_gravado_00-768x1024.jpg 768w, https:\/\/martecusinagem.com.br\/wp-content\/uploads\/2026\/04\/barramento_gravado_00-225x300.jpg 225w, https:\/\/martecusinagem.com.br\/wp-content\/uploads\/2026\/04\/barramento_gravado_00.jpg 1086w\" sizes=\"auto, (max-width: 768px) 100vw, 768px\" \/><\/figure>\n<\/div>\n<\/div>\n\n\n\n<div class=\"wp-block-uagb-container uagb-block-470610e3 alignfull uagb-is-root-container\"><div class=\"uagb-container-inner-blocks-wrap\">\n<h3 class=\"wp-block-heading\">Aplica\u00e7\u00f5es<\/h3>\n\n\n\n<p>Atendemos demandas de fabrica\u00e7\u00e3o e fornecimento para interliga\u00e7\u00f5es el\u00e9tricas, adequa\u00e7\u00f5es industriais, montagem de pain\u00e9is, manuten\u00e7\u00e3o, reposi\u00e7\u00e3o, retrofit e projetos sob medida.<\/p>\n<\/div><\/div>\n\n\n\n<div class=\"wp-block-uagb-container uagb-block-bf1c7d3c alignfull uagb-is-root-container\"><div class=\"uagb-container-inner-blocks-wrap\">\n<h3 class=\"wp-block-heading has-ast-global-color-5-color has-text-color has-link-color wp-elements-248b71cc10130e7adf9b559c3a380ed0\">Envie seu escopo t\u00e9cnico<\/h3>\n\n\n\n<p class=\"has-ast-global-color-5-color has-text-color has-link-color wp-elements-6e6ab5a9f2676466a75bd8b64681fd8d\">Se voc\u00ea precisa fabricar, adaptar ou substituir barramentos e conex\u00f5es el\u00e9tricas para aplica\u00e7\u00e3o industrial, entre em contato com a MARTEC.<\/p>\n\n\n\n<div class=\"wp-block-buttons is-layout-flex wp-block-buttons-is-layout-flex\">\n<div class=\"wp-block-button\"><a class=\"wp-block-button__link wp-element-button\">Enviar escopo t\u00e9cnico<\/a><\/div>\n<\/div>\n<\/div><\/div>\n","protected":false},"excerpt":{"rendered":"<p>Barramentos sob medida para aplica\u00e7\u00f5es industriais A MARTEC fabrica barramentos e conex\u00f5es el\u00e9tricas sob medida para aplica\u00e7\u00f5es industriais, com foco [&hellip;]<\/p>\n","protected":false},"author":1,"featured_media":0,"parent":0,"menu_order":0,"comment_status":"closed","ping_status":"closed","template":"","meta":{"_uag_custom_page_level_css":"","site-sidebar-layout":"default","site-content-layout":"","ast-site-content-layout":"default","site-content-style":"default","site-sidebar-style":"default","ast-global-header-display":"","ast-banner-title-visibility":"","ast-main-header-display":"","ast-hfb-above-header-display":"","ast-hfb-below-header-display":"","ast-hfb-mobile-header-display":"","site-post-title":"disabled","ast-breadcrumbs-content":"","ast-featured-img":"","footer-sml-layout":"","ast-disable-related-posts":"","theme-transparent-header-meta":"","adv-header-id-meta":"","stick-header-meta":"","header-above-stick-meta":"","header-main-stick-meta":"","header-below-stick-meta":"","astra-migrate-meta-layouts":"default","ast-page-background-enabled":"default","ast-page-background-meta":{"desktop":{"background-color":"var(--ast-global-color-5)","background-image":"","background-repeat":"repeat","background-position":"center center","background-size":"auto","background-attachment":"scroll","background-type":"","background-media":"","overlay-type":"","overlay-color":"","overlay-opacity":"","overlay-gradient":""},"tablet":{"background-color":"","background-image":"","background-repeat":"repeat","background-position":"center center","background-size":"auto","background-attachment":"scroll","background-type":"","background-media":"","overlay-type":"","overlay-color":"","overlay-opacity":"","overlay-gradient":""},"mobile":{"background-color":"","background-image":"","background-repeat":"repeat","background-position":"center center","background-size":"auto","background-attachment":"scroll","background-type":"","background-media":"","overlay-type":"","overlay-color":"","overlay-opacity":"","overlay-gradient":""}},"ast-content-background-meta":{"desktop":{"background-color":"var(--ast-global-color-4)","background-image":"","background-repeat":"repeat","background-position":"center center","background-size":"auto","background-attachment":"scroll","background-type":"","background-media":"","overlay-type":"","overlay-color":"","overlay-opacity":"","overlay-gradient":""},"tablet":{"background-color":"var(--ast-global-color-4)","background-image":"","background-repeat":"repeat","background-position":"center center","background-size":"auto","background-attachment":"scroll","background-type":"","background-media":"","overlay-type":"","overlay-color":"","overlay-opacity":"","overlay-gradient":""},"mobile":{"background-color":"var(--ast-global-color-4)","background-image":"","background-repeat":"repeat","background-position":"center center","background-size":"auto","background-attachment":"scroll","background-type":"","background-media":"","overlay-type":"","overlay-color":"","overlay-opacity":"","overlay-gradient":""}},"footnotes":""},"class_list":["post-21","page","type-page","status-publish","hentry"],"uagb_featured_image_src":{"full":false,"thumbnail":false,"medium":false,"medium_large":false,"large":false,"1536x1536":false,"2048x2048":false},"uagb_author_info":{"display_name":"mcc","author_link":"https:\/\/martecusinagem.com.br\/author\/mcc\/"},"uagb_comment_info":0,"uagb_excerpt":"Barramentos sob medida para aplica\u00e7\u00f5es industriais A MARTEC fabrica barramentos e conex\u00f5es el\u00e9tricas sob medida para aplica\u00e7\u00f5es industriais, com foco [&hellip;]","_links":{"self":[{"href":"https:\/\/martecusinagem.com.br\/wp-json\/wp\/v2\/pages\/21","targetHints":{"allow":["GET"]}}],"collection":[{"href":"https:\/\/martecusinagem.com.br\/wp-json\/wp\/v2\/pages"}],"about":[{"href":"https:\/\/martecusinagem.com.br\/wp-json\/wp\/v2\/types\/page"}],"author":[{"embeddable":true,"href":"https:\/\/martecusinagem.com.br\/wp-json\/wp\/v2\/users\/1"}],"replies":[{"embeddable":true,"href":"https:\/\/martecusinagem.com.br\/wp-json\/wp\/v2\/comments?post=21"}],"version-history":[{"count":25,"href":"https:\/\/martecusinagem.com.br\/wp-json\/wp\/v2\/pages\/21\/revisions"}],"predecessor-version":[{"id":158,"href":"https:\/\/martecusinagem.com.br\/wp-json\/wp\/v2\/pages\/21\/revisions\/158"}],"wp:attachment":[{"href":"https:\/\/martecusinagem.com.br\/wp-json\/wp\/v2\/media?parent=21"}],"curies":[{"name":"wp","href":"https:\/\/api.w.org\/{rel}","templated":true}]}}