{"id":23,"date":"2026-04-21T18:44:46","date_gmt":"2026-04-21T21:44:46","guid":{"rendered":"https:\/\/martecusinagem.com.br\/?page_id=23"},"modified":"2026-04-29T06:27:37","modified_gmt":"2026-04-29T09:27:37","slug":"contato","status":"publish","type":"page","link":"https:\/\/martecusinagem.com.br\/contato\/","title":{"rendered":"Contato"},"content":{"rendered":"\n<div class=\"wp-block-uagb-container uagb-block-c6cffb2f alignfull uagb-is-root-container\"><div class=\"uagb-container-inner-blocks-wrap\">\n<h2 class=\"wp-block-heading has-ast-global-color-5-color has-text-color has-link-color wp-elements-02e9c7f8537fa2ee9b01ed9acc14f456\">Contato t\u00e9cnico e comercial<\/h2>\n\n\n\n<p class=\"has-ast-global-color-5-color has-text-color has-link-color wp-elements-1ce685eb976b47b90f4e5c305b9fead7\">Entre em contato com a MARTEC para solicita\u00e7\u00f5es t\u00e9cnicas, envio de escopo, cota\u00e7\u00f5es, fabrica\u00e7\u00e3o sob desenho, barramentos, seccionadoras e solu\u00e7\u00f5es eletromec\u00e2nicas para aplica\u00e7\u00f5es industriais.<\/p>\n<\/div><\/div>\n\n\n\n<div class=\"wp-block-uagb-container uagb-block-ef555d39 alignfull uagb-is-root-container\"><div class=\"uagb-container-inner-blocks-wrap\">\n<h4 class=\"wp-block-heading\">Como podemos atender<\/h4>\n\n\n\n<ul class=\"wp-block-list\">\n<li>Solicita\u00e7\u00f5es de or\u00e7amento<\/li>\n\n\n\n<li>Envio de desenho ou escopo t\u00e9cnico<\/li>\n\n\n\n<li>Barramentos e interliga\u00e7\u00f5es el\u00e9tricas<\/li>\n\n\n\n<li>Seccionadoras e componentes<\/li>\n\n\n\n<li>Usinagem e fabrica\u00e7\u00e3o sob desenho<\/li>\n\n\n\n<li>Pe\u00e7as de reposi\u00e7\u00e3o, reforma e retrofit<\/li>\n<\/ul>\n<\/div><\/div>\n\n\n\n<div class=\"wp-block-uagb-container uagb-block-2d92fc46 alignwide uagb-is-root-container\">\n<h4 class=\"wp-block-heading\">Fale com a MARTEC<\/h4>\n\n\n\n<p>E-mail:<br>martec@martecusinagem.com.br<br><br>Telefone:<br>+55 11 2546-3535<br><br>Localiza\u00e7\u00e3o:<br>S\u00e3o Paulo\/SP<\/p>\n\n\n\n<p>Atendimento presencial:<br>Somente mediante agendamento pr\u00e9vio.<\/p>\n\n\n\n<div class=\"wpcf7 no-js\" id=\"wpcf7-f166-o1\" lang=\"pt-BR\" dir=\"ltr\" data-wpcf7-id=\"166\">\n<div class=\"screen-reader-response\"><p role=\"status\" aria-live=\"polite\" aria-atomic=\"true\"><\/p> <ul><\/ul><\/div>\n<form action=\"\/index.php?rest_route=%2Fwp%2Fv2%2Fpages%2F23#wpcf7-f166-o1\" method=\"post\" class=\"wpcf7-form init\" aria-label=\"Formul\u00e1rios de contato\" enctype=\"multipart\/form-data\" novalidate=\"novalidate\" data-status=\"init\">\n<fieldset class=\"hidden-fields-container\"><input type=\"hidden\" name=\"_wpcf7\" value=\"166\" \/><input type=\"hidden\" name=\"_wpcf7_version\" value=\"6.1.5\" \/><input type=\"hidden\" name=\"_wpcf7_locale\" value=\"pt_BR\" \/><input type=\"hidden\" name=\"_wpcf7_unit_tag\" value=\"wpcf7-f166-o1\" \/><input type=\"hidden\" name=\"_wpcf7_container_post\" value=\"0\" \/><input type=\"hidden\" name=\"_wpcf7_posted_data_hash\" value=\"\" \/>\n<\/fieldset>\n<p><label>Nome*<br \/>\n<span class=\"wpcf7-form-control-wrap\" data-name=\"nome\"><input size=\"40\" maxlength=\"400\" class=\"wpcf7-form-control wpcf7-text wpcf7-validates-as-required\" autocomplete=\"name\" aria-required=\"true\" aria-invalid=\"false\" value=\"\" type=\"text\" name=\"nome\" \/><\/span><\/label>\n<\/p>\n<p><label>Empresa*<br \/>\n<span class=\"wpcf7-form-control-wrap\" data-name=\"empresa\"><input size=\"40\" maxlength=\"400\" class=\"wpcf7-form-control wpcf7-text wpcf7-validates-as-required\" aria-required=\"true\" aria-invalid=\"false\" value=\"\" type=\"text\" name=\"empresa\" \/><\/span><\/label>\n<\/p>\n<p><label>E-mail*<br \/>\n<span class=\"wpcf7-form-control-wrap\" data-name=\"email\"><input size=\"40\" maxlength=\"400\" class=\"wpcf7-form-control wpcf7-email wpcf7-validates-as-required wpcf7-text wpcf7-validates-as-email\" autocomplete=\"email\" aria-required=\"true\" aria-invalid=\"false\" value=\"\" type=\"email\" name=\"email\" \/><\/span><\/label>\n<\/p>\n<p><label>Telefone<br \/>\n<span class=\"wpcf7-form-control-wrap\" data-name=\"telefone\"><input size=\"40\" maxlength=\"400\" class=\"wpcf7-form-control wpcf7-tel wpcf7-text wpcf7-validates-as-tel\" aria-invalid=\"false\" value=\"\" type=\"tel\" name=\"telefone\" \/><\/span><\/label>\n<\/p>\n<p><label>Tipo de solicita\u00e7\u00e3o*<br \/>\n<span class=\"wpcf7-form-control-wrap\" data-name=\"tipo-solicitacao\"><select class=\"wpcf7-form-control wpcf7-select wpcf7-validates-as-required\" aria-required=\"true\" aria-invalid=\"false\" name=\"tipo-solicitacao\"><option value=\"\">&#8212;Escolha uma op\u00e7\u00e3o&#8212;<\/option><option value=\"Or\u00e7amento\">Or\u00e7amento<\/option><option value=\"Seccionadoras\">Seccionadoras<\/option><option value=\"Barramentos\">Barramentos<\/option><option value=\"Usinagem conforme desenho\">Usinagem conforme desenho<\/option><option value=\"Manuten\u00e7\u00e3o \/ reforma \/ retrofit\">Manuten\u00e7\u00e3o \/ reforma \/ retrofit<\/option><option value=\"Reposi\u00e7\u00e3o de componentes\">Reposi\u00e7\u00e3o de componentes<\/option><option value=\"Outro assunto\">Outro assunto<\/option><\/select><\/span><\/label>\n<\/p>\n<p><label>Mensagem \/ escopo t\u00e9cnico*<br \/>\n<span class=\"wpcf7-form-control-wrap\" data-name=\"mensagem\"><textarea cols=\"40\" rows=\"10\" maxlength=\"2000\" class=\"wpcf7-form-control wpcf7-textarea wpcf7-validates-as-required\" aria-required=\"true\" aria-invalid=\"false\" name=\"mensagem\"><\/textarea><\/span><\/label>\n<\/p>\n<p><label>Anexo t\u00e9cnico<br \/>\n<span class=\"wpcf7-form-control-wrap\" data-name=\"anexo\"><input size=\"40\" class=\"wpcf7-form-control wpcf7-file\" accept=\".pdf,.jpg,.jpeg,.png,.doc,.docx,.xls,.xlsx,.zip\" aria-invalid=\"false\" type=\"file\" name=\"anexo\" \/><\/span><\/label>\n<\/p>\n<p><span class=\"wpcf7-form-control-wrap\" data-name=\"aceite\"><span class=\"wpcf7-form-control wpcf7-acceptance\"><span class=\"wpcf7-list-item\"><label><input type=\"checkbox\" name=\"aceite\" value=\"1\" aria-invalid=\"false\" \/><span class=\"wpcf7-list-item-label\">Autorizo o uso dos dados enviados para retorno t\u00e9cnico e comercial sobre esta solicita\u00e7\u00e3o.<\/span><\/label><\/span><\/span><\/span>\n<\/p>\n<p><input class=\"wpcf7-form-control wpcf7-submit has-spinner\" type=\"submit\" value=\"Enviar solicita\u00e7\u00e3o\" \/>\n<\/p><div class=\"wpcf7-response-output\" aria-hidden=\"true\"><\/div>\n<\/form>\n<\/div>\n\n<\/div>\n\n\n\n<div class=\"wp-block-uagb-container uagb-block-fbe18ff6 alignfull uagb-is-root-container\"><div class=\"uagb-container-inner-blocks-wrap\">\n<h3 class=\"wp-block-heading has-ast-global-color-5-color has-text-color has-link-color wp-elements-248b71cc10130e7adf9b559c3a380ed0\">Envie seu escopo t\u00e9cnico<\/h3>\n\n\n\n<p class=\"has-ast-global-color-5-color has-text-color has-link-color wp-elements-27c7d65adc4eaebd6841a6bae03bbaf1\">Se voc\u00ea precisa substituir, adequar ou fornecer seccionadoras, componentes e conjuntos para aplica\u00e7\u00e3o industrial, envie seu escopo para an\u00e1lise da MARTEC.<\/p>\n\n\n\n<div class=\"wp-block-buttons is-layout-flex wp-block-buttons-is-layout-flex\">\n<div class=\"wp-block-button\"><a class=\"wp-block-button__link wp-element-button\">Solicitar an\u00e1lise t\u00e9cnica<\/a><\/div>\n<\/div>\n<\/div><\/div>\n","protected":false},"excerpt":{"rendered":"<p>Contato t\u00e9cnico e comercial Entre em contato com a MARTEC para solicita\u00e7\u00f5es t\u00e9cnicas, envio de escopo, cota\u00e7\u00f5es, fabrica\u00e7\u00e3o sob desenho, [&hellip;]<\/p>\n","protected":false},"author":1,"featured_media":0,"parent":0,"menu_order":0,"comment_status":"closed","ping_status":"closed","template":"","meta":{"_uag_custom_page_level_css":"","site-sidebar-layout":"default","site-content-layout":"","ast-site-content-layout":"default","site-content-style":"default","site-sidebar-style":"default","ast-global-header-display":"","ast-banner-title-visibility":"","ast-main-header-display":"","ast-hfb-above-header-display":"","ast-hfb-below-header-display":"","ast-hfb-mobile-header-display":"","site-post-title":"disabled","ast-breadcrumbs-content":"","ast-featured-img":"","footer-sml-layout":"","ast-disable-related-posts":"","theme-transparent-header-meta":"","adv-header-id-meta":"","stick-header-meta":"","header-above-stick-meta":"","header-main-stick-meta":"","header-below-stick-meta":"","astra-migrate-meta-layouts":"default","ast-page-background-enabled":"default","ast-page-background-meta":{"desktop":{"background-color":"var(--ast-global-color-5)","background-image":"","background-repeat":"repeat","background-position":"center center","background-size":"auto","background-attachment":"scroll","background-type":"","background-media":"","overlay-type":"","overlay-color":"","overlay-opacity":"","overlay-gradient":""},"tablet":{"background-color":"","background-image":"","background-repeat":"repeat","background-position":"center center","background-size":"auto","background-attachment":"scroll","background-type":"","background-media":"","overlay-type":"","overlay-color":"","overlay-opacity":"","overlay-gradient":""},"mobile":{"background-color":"","background-image":"","background-repeat":"repeat","background-position":"center center","background-size":"auto","background-attachment":"scroll","background-type":"","background-media":"","overlay-type":"","overlay-color":"","overlay-opacity":"","overlay-gradient":""}},"ast-content-background-meta":{"desktop":{"background-color":"var(--ast-global-color-4)","background-image":"","background-repeat":"repeat","background-position":"center center","background-size":"auto","background-attachment":"scroll","background-type":"","background-media":"","overlay-type":"","overlay-color":"","overlay-opacity":"","overlay-gradient":""},"tablet":{"background-color":"var(--ast-global-color-4)","background-image":"","background-repeat":"repeat","background-position":"center center","background-size":"auto","background-attachment":"scroll","background-type":"","background-media":"","overlay-type":"","overlay-color":"","overlay-opacity":"","overlay-gradient":""},"mobile":{"background-color":"var(--ast-global-color-4)","background-image":"","background-repeat":"repeat","background-position":"center center","background-size":"auto","background-attachment":"scroll","background-type":"","background-media":"","overlay-type":"","overlay-color":"","overlay-opacity":"","overlay-gradient":""}},"footnotes":""},"class_list":["post-23","page","type-page","status-publish","hentry"],"uagb_featured_image_src":{"full":false,"thumbnail":false,"medium":false,"medium_large":false,"large":false,"1536x1536":false,"2048x2048":false},"uagb_author_info":{"display_name":"mcc","author_link":"https:\/\/martecusinagem.com.br\/author\/mcc\/"},"uagb_comment_info":0,"uagb_excerpt":"Contato t\u00e9cnico e comercial Entre em contato com a MARTEC para solicita\u00e7\u00f5es t\u00e9cnicas, envio de escopo, cota\u00e7\u00f5es, fabrica\u00e7\u00e3o sob desenho, [&hellip;]","_links":{"self":[{"href":"https:\/\/martecusinagem.com.br\/wp-json\/wp\/v2\/pages\/23","targetHints":{"allow":["GET"]}}],"collection":[{"href":"https:\/\/martecusinagem.com.br\/wp-json\/wp\/v2\/pages"}],"about":[{"href":"https:\/\/martecusinagem.com.br\/wp-json\/wp\/v2\/types\/page"}],"author":[{"embeddable":true,"href":"https:\/\/martecusinagem.com.br\/wp-json\/wp\/v2\/users\/1"}],"replies":[{"embeddable":true,"href":"https:\/\/martecusinagem.com.br\/wp-json\/wp\/v2\/comments?post=23"}],"version-history":[{"count":6,"href":"https:\/\/martecusinagem.com.br\/wp-json\/wp\/v2\/pages\/23\/revisions"}],"predecessor-version":[{"id":170,"href":"https:\/\/martecusinagem.com.br\/wp-json\/wp\/v2\/pages\/23\/revisions\/170"}],"wp:attachment":[{"href":"https:\/\/martecusinagem.com.br\/wp-json\/wp\/v2\/media?parent=23"}],"curies":[{"name":"wp","href":"https:\/\/api.w.org\/{rel}","templated":true}]}}